{"id":835,"date":"2020-06-28T10:23:16","date_gmt":"2020-06-28T08:23:16","guid":{"rendered":"http:\/\/skateclubcalais.fr\/?page_id=835"},"modified":"2024-09-05T23:00:21","modified_gmt":"2024-09-05T21:00:21","slug":"reservations-creneaux-associatifs","status":"publish","type":"page","link":"https:\/\/skateclubcalais.fr\/index.php\/reservations-creneaux-associatifs\/","title":{"rendered":"le Skateshop associatif"},"content":{"rendered":"\n<p>Cr\u00e9\u00e9 en 2015, il a \u00e9t\u00e9 con\u00e7u afin de pouvoir proposer du mat\u00e9riel de qualit\u00e9 au riders de l\u2019association \u00e0 des prix bas toute l&rsquo;ann\u00e9e (environ- 20% du prix public). Celui-ci nous permet non seulement de proposer du  bon mat\u00e9riels, mais surtout de compenser les prix des licences, stages, cours qui est bas. (voir notre onglet tarifs)<\/p>\n\n\n\n<p>Cette saison nous vendrons du mat\u00e9riel de skate, de roller et de BMX, ainsi que des goodies, tee-shirt , etc&#8230;<\/p>\n\n\n\n<p><strong>Attention il faut \u00eatre adh\u00e9rent \u00e0 l&rsquo;association (10 \u20ac \u00e0 l&rsquo;ann\u00e9e) ou \u00eatre  licenci\u00e9s.(sauf pour les goodies.<\/strong><\/p>\n\n\n\n<p>Le mat\u00e9riel est visible sur les cr\u00e9neaux associatifs dans le local du club au skatepark Zap&rsquo;ados, les photos sont non contractuelles, nous recevons r\u00e9guli\u00e8rement du mat\u00e9riel.<\/p>\n\n\n\n<p><\/p>\n\n\n\n<p>Goodies du skate club calais<\/p>\n\n\n\n<figure class=\"wp-block-gallery has-nested-images columns-default is-cropped wp-block-gallery-1 is-layout-flex\">\n<figure class=\"wp-block-image size-large\"><img decoding=\"async\" loading=\"lazy\" width=\"1024\" height=\"768\" data-id=\"1088\"  src=\"http:\/\/skateclubcalais.fr\/wp-content\/uploads\/2021\/04\/20210218_212209-1024x768.jpg\" alt=\"\" class=\"wp-image-1088\" srcset=\"https:\/\/skateclubcalais.fr\/wp-content\/uploads\/2021\/04\/20210218_212209-1024x768.jpg 1024w, https:\/\/skateclubcalais.fr\/wp-content\/uploads\/2021\/04\/20210218_212209-300x225.jpg 300w, https:\/\/skateclubcalais.fr\/wp-content\/uploads\/2021\/04\/20210218_212209-768x576.jpg 768w, https:\/\/skateclubcalais.fr\/wp-content\/uploads\/2021\/04\/20210218_212209-1536x1152.jpg 1536w, https:\/\/skateclubcalais.fr\/wp-content\/uploads\/2021\/04\/20210218_212209-2048x1536.jpg 2048w\" sizes=\"(max-width: 706px) 89vw, (max-width: 767px) 82vw, 740px\" \/><\/figure>\n\n\n\n<figure class=\"wp-block-image size-large\"><img decoding=\"async\" loading=\"lazy\" width=\"1024\" height=\"768\" data-id=\"1086\"  src=\"http:\/\/skateclubcalais.fr\/wp-content\/uploads\/2021\/04\/20210218_211922-1024x768.jpg\" alt=\"\" class=\"wp-image-1086\" srcset=\"https:\/\/skateclubcalais.fr\/wp-content\/uploads\/2021\/04\/20210218_211922-1024x768.jpg 1024w, https:\/\/skateclubcalais.fr\/wp-content\/uploads\/2021\/04\/20210218_211922-300x225.jpg 300w, https:\/\/skateclubcalais.fr\/wp-content\/uploads\/2021\/04\/20210218_211922-768x576.jpg 768w, https:\/\/skateclubcalais.fr\/wp-content\/uploads\/2021\/04\/20210218_211922-1536x1152.jpg 1536w, https:\/\/skateclubcalais.fr\/wp-content\/uploads\/2021\/04\/20210218_211922-2048x1536.jpg 2048w\" sizes=\"(max-width: 706px) 89vw, (max-width: 767px) 82vw, 740px\" \/><\/figure>\n\n\n\n<figure class=\"wp-block-image size-large\"><img decoding=\"async\" loading=\"lazy\" width=\"768\" height=\"1024\" data-id=\"1083\"  src=\"http:\/\/skateclubcalais.fr\/wp-content\/uploads\/2021\/04\/20210218_211728-768x1024.jpg\" alt=\"\" class=\"wp-image-1083\" srcset=\"https:\/\/skateclubcalais.fr\/wp-content\/uploads\/2021\/04\/20210218_211728-768x1024.jpg 768w, https:\/\/skateclubcalais.fr\/wp-content\/uploads\/2021\/04\/20210218_211728-225x300.jpg 225w, https:\/\/skateclubcalais.fr\/wp-content\/uploads\/2021\/04\/20210218_211728-1152x1536.jpg 1152w, https:\/\/skateclubcalais.fr\/wp-content\/uploads\/2021\/04\/20210218_211728-1536x2048.jpg 1536w, https:\/\/skateclubcalais.fr\/wp-content\/uploads\/2021\/04\/20210218_211728-scaled.jpg 1920w\" sizes=\"(max-width: 706px) 89vw, (max-width: 767px) 82vw, 740px\" \/><\/figure>\n\n\n\n<figure class=\"wp-block-image size-large\"><img decoding=\"async\" loading=\"lazy\" width=\"1024\" height=\"768\" data-id=\"1075\"  src=\"http:\/\/skateclubcalais.fr\/wp-content\/uploads\/2021\/04\/20201120_162411-1024x768.jpg\" alt=\"\" class=\"wp-image-1075\" srcset=\"https:\/\/skateclubcalais.fr\/wp-content\/uploads\/2021\/04\/20201120_162411-1024x768.jpg 1024w, https:\/\/skateclubcalais.fr\/wp-content\/uploads\/2021\/04\/20201120_162411-300x225.jpg 300w, https:\/\/skateclubcalais.fr\/wp-content\/uploads\/2021\/04\/20201120_162411-768x576.jpg 768w, https:\/\/skateclubcalais.fr\/wp-content\/uploads\/2021\/04\/20201120_162411-1536x1152.jpg 1536w, https:\/\/skateclubcalais.fr\/wp-content\/uploads\/2021\/04\/20201120_162411-2048x1536.jpg 2048w\" sizes=\"(max-width: 706px) 89vw, (max-width: 767px) 82vw, 740px\" \/><\/figure>\n\n\n\n<figure class=\"wp-block-image size-large\"><img decoding=\"async\" loading=\"lazy\" width=\"1024\" height=\"768\" data-id=\"1076\"  src=\"http:\/\/skateclubcalais.fr\/wp-content\/uploads\/2021\/04\/20201120_162424-1024x768.jpg\" alt=\"\" class=\"wp-image-1076\" srcset=\"https:\/\/skateclubcalais.fr\/wp-content\/uploads\/2021\/04\/20201120_162424-1024x768.jpg 1024w, https:\/\/skateclubcalais.fr\/wp-content\/uploads\/2021\/04\/20201120_162424-300x225.jpg 300w, https:\/\/skateclubcalais.fr\/wp-content\/uploads\/2021\/04\/20201120_162424-768x576.jpg 768w, https:\/\/skateclubcalais.fr\/wp-content\/uploads\/2021\/04\/20201120_162424-1536x1152.jpg 1536w, https:\/\/skateclubcalais.fr\/wp-content\/uploads\/2021\/04\/20201120_162424-2048x1536.jpg 2048w\" sizes=\"(max-width: 706px) 89vw, (max-width: 767px) 82vw, 740px\" \/><\/figure>\n\n\n\n<figure class=\"wp-block-image size-large\"><img decoding=\"async\" loading=\"lazy\" width=\"768\" height=\"1024\" data-id=\"1077\"  src=\"http:\/\/skateclubcalais.fr\/wp-content\/uploads\/2021\/04\/20201120_162447-768x1024.jpg\" alt=\"\" class=\"wp-image-1077\" srcset=\"https:\/\/skateclubcalais.fr\/wp-content\/uploads\/2021\/04\/20201120_162447-768x1024.jpg 768w, https:\/\/skateclubcalais.fr\/wp-content\/uploads\/2021\/04\/20201120_162447-225x300.jpg 225w, https:\/\/skateclubcalais.fr\/wp-content\/uploads\/2021\/04\/20201120_162447-1152x1536.jpg 1152w, https:\/\/skateclubcalais.fr\/wp-content\/uploads\/2021\/04\/20201120_162447-1536x2048.jpg 1536w, https:\/\/skateclubcalais.fr\/wp-content\/uploads\/2021\/04\/20201120_162447-scaled.jpg 1920w\" sizes=\"(max-width: 706px) 89vw, (max-width: 767px) 82vw, 740px\" \/><\/figure>\n\n\n\n<figure class=\"wp-block-image size-large\"><img decoding=\"async\" loading=\"lazy\" width=\"768\" height=\"1024\" data-id=\"1078\"  src=\"http:\/\/skateclubcalais.fr\/wp-content\/uploads\/2021\/04\/20201120_162616-768x1024.jpg\" alt=\"\" class=\"wp-image-1078\" srcset=\"https:\/\/skateclubcalais.fr\/wp-content\/uploads\/2021\/04\/20201120_162616-768x1024.jpg 768w, https:\/\/skateclubcalais.fr\/wp-content\/uploads\/2021\/04\/20201120_162616-225x300.jpg 225w, https:\/\/skateclubcalais.fr\/wp-content\/uploads\/2021\/04\/20201120_162616-1152x1536.jpg 1152w, https:\/\/skateclubcalais.fr\/wp-content\/uploads\/2021\/04\/20201120_162616-1536x2048.jpg 1536w, https:\/\/skateclubcalais.fr\/wp-content\/uploads\/2021\/04\/20201120_162616-scaled.jpg 1920w\" sizes=\"(max-width: 706px) 89vw, (max-width: 767px) 82vw, 740px\" \/><\/figure>\n\n\n\n<figure class=\"wp-block-image size-large\"><img decoding=\"async\" loading=\"lazy\" width=\"768\" height=\"1024\" data-id=\"1079\"  src=\"http:\/\/skateclubcalais.fr\/wp-content\/uploads\/2021\/04\/20201120_162657-768x1024.jpg\" alt=\"\" class=\"wp-image-1079\" srcset=\"https:\/\/skateclubcalais.fr\/wp-content\/uploads\/2021\/04\/20201120_162657-768x1024.jpg 768w, https:\/\/skateclubcalais.fr\/wp-content\/uploads\/2021\/04\/20201120_162657-225x300.jpg 225w, https:\/\/skateclubcalais.fr\/wp-content\/uploads\/2021\/04\/20201120_162657-1152x1536.jpg 1152w, https:\/\/skateclubcalais.fr\/wp-content\/uploads\/2021\/04\/20201120_162657-1536x2048.jpg 1536w, https:\/\/skateclubcalais.fr\/wp-content\/uploads\/2021\/04\/20201120_162657-scaled.jpg 1920w\" sizes=\"(max-width: 706px) 89vw, (max-width: 767px) 82vw, 740px\" \/><\/figure>\n\n\n\n<figure class=\"wp-block-image size-large\"><img decoding=\"async\" loading=\"lazy\" width=\"768\" height=\"1024\" data-id=\"1080\"  src=\"http:\/\/skateclubcalais.fr\/wp-content\/uploads\/2021\/04\/20201120_162726-768x1024.jpg\" alt=\"\" class=\"wp-image-1080\" srcset=\"https:\/\/skateclubcalais.fr\/wp-content\/uploads\/2021\/04\/20201120_162726-768x1024.jpg 768w, https:\/\/skateclubcalais.fr\/wp-content\/uploads\/2021\/04\/20201120_162726-225x300.jpg 225w, https:\/\/skateclubcalais.fr\/wp-content\/uploads\/2021\/04\/20201120_162726-1152x1536.jpg 1152w, https:\/\/skateclubcalais.fr\/wp-content\/uploads\/2021\/04\/20201120_162726-1536x2048.jpg 1536w, https:\/\/skateclubcalais.fr\/wp-content\/uploads\/2021\/04\/20201120_162726-scaled.jpg 1920w\" sizes=\"(max-width: 706px) 89vw, (max-width: 767px) 82vw, 740px\" \/><\/figure>\n\n\n\n<figure class=\"wp-block-image size-large\"><img decoding=\"async\" loading=\"lazy\" width=\"1024\" height=\"768\" data-id=\"1081\"  src=\"http:\/\/skateclubcalais.fr\/wp-content\/uploads\/2021\/04\/20201120_162805-1024x768.jpg\" alt=\"\" class=\"wp-image-1081\" srcset=\"https:\/\/skateclubcalais.fr\/wp-content\/uploads\/2021\/04\/20201120_162805-1024x768.jpg 1024w, https:\/\/skateclubcalais.fr\/wp-content\/uploads\/2021\/04\/20201120_162805-300x225.jpg 300w, https:\/\/skateclubcalais.fr\/wp-content\/uploads\/2021\/04\/20201120_162805-768x576.jpg 768w, https:\/\/skateclubcalais.fr\/wp-content\/uploads\/2021\/04\/20201120_162805-1536x1152.jpg 1536w, https:\/\/skateclubcalais.fr\/wp-content\/uploads\/2021\/04\/20201120_162805-2048x1536.jpg 2048w\" sizes=\"(max-width: 706px) 89vw, (max-width: 767px) 82vw, 740px\" \/><\/figure>\n<figcaption class=\"blocks-gallery-caption wp-element-caption\"><br><br><br><br>Mat\u00e9riels de skate (renouvellement  r\u00e9gulier , (photos non contractuelles)<\/figcaption><\/figure>\n\n\n\n<p><\/p>\n\n\n\n<figure class=\"wp-block-image size-large\"><img decoding=\"async\" loading=\"lazy\" width=\"720\" height=\"960\" src=\"http:\/\/skateclubcalais.fr\/wp-content\/uploads\/2020\/07\/board.jpg\" alt=\"\" class=\"wp-image-862\" srcset=\"https:\/\/skateclubcalais.fr\/wp-content\/uploads\/2020\/07\/board.jpg 720w, https:\/\/skateclubcalais.fr\/wp-content\/uploads\/2020\/07\/board-225x300.jpg 225w\" sizes=\"(max-width: 720px) 100vw, 720px\" \/><\/figure>\n\n\n\n<figure class=\"wp-block-image size-large\"><img decoding=\"async\" loading=\"lazy\" width=\"720\" height=\"960\" src=\"http:\/\/skateclubcalais.fr\/wp-content\/uploads\/2020\/07\/board-2.jpg\" alt=\"\" class=\"wp-image-863\" srcset=\"https:\/\/skateclubcalais.fr\/wp-content\/uploads\/2020\/07\/board-2.jpg 720w, https:\/\/skateclubcalais.fr\/wp-content\/uploads\/2020\/07\/board-2-225x300.jpg 225w\" sizes=\"(max-width: 720px) 100vw, 720px\" \/><\/figure>\n\n\n\n<div class=\"wp-block-booking-booking\"><\/div>\n\n\n\n<figure class=\"wp-block-image size-large\"><img decoding=\"async\" loading=\"lazy\" width=\"960\" height=\"720\" src=\"http:\/\/skateclubcalais.fr\/wp-content\/uploads\/2020\/07\/vitrine-truck-et-roue.jpg\" alt=\"\" class=\"wp-image-864\" srcset=\"https:\/\/skateclubcalais.fr\/wp-content\/uploads\/2020\/07\/vitrine-truck-et-roue.jpg 960w, https:\/\/skateclubcalais.fr\/wp-content\/uploads\/2020\/07\/vitrine-truck-et-roue-300x225.jpg 300w, https:\/\/skateclubcalais.fr\/wp-content\/uploads\/2020\/07\/vitrine-truck-et-roue-768x576.jpg 768w\" sizes=\"(max-width: 706px) 89vw, (max-width: 767px) 82vw, 740px\" \/><\/figure>\n\n\n\n<figure class=\"wp-block-image size-large\"><img decoding=\"async\" loading=\"lazy\" width=\"768\" height=\"1024\" src=\"http:\/\/skateclubcalais.fr\/wp-content\/uploads\/2020\/07\/ensemble-protections-tony-hawk-768x1024.jpg\" alt=\"\" class=\"wp-image-954\" srcset=\"https:\/\/skateclubcalais.fr\/wp-content\/uploads\/2020\/07\/ensemble-protections-tony-hawk-768x1024.jpg 768w, https:\/\/skateclubcalais.fr\/wp-content\/uploads\/2020\/07\/ensemble-protections-tony-hawk-225x300.jpg 225w, https:\/\/skateclubcalais.fr\/wp-content\/uploads\/2020\/07\/ensemble-protections-tony-hawk-1152x1536.jpg 1152w, https:\/\/skateclubcalais.fr\/wp-content\/uploads\/2020\/07\/ensemble-protections-tony-hawk-1536x2048.jpg 1536w, https:\/\/skateclubcalais.fr\/wp-content\/uploads\/2020\/07\/ensemble-protections-tony-hawk-scaled.jpg 1920w\" sizes=\"(max-width: 706px) 89vw, (max-width: 767px) 82vw, 740px\" \/><\/figure>\n\n\n\n<figure class=\"wp-block-image size-large\"><img decoding=\"async\" loading=\"lazy\" width=\"768\" height=\"1024\" src=\"http:\/\/skateclubcalais.fr\/wp-content\/uploads\/2020\/07\/casques-bullet-768x1024.jpg\" alt=\"\" class=\"wp-image-955\" srcset=\"https:\/\/skateclubcalais.fr\/wp-content\/uploads\/2020\/07\/casques-bullet-768x1024.jpg 768w, https:\/\/skateclubcalais.fr\/wp-content\/uploads\/2020\/07\/casques-bullet-225x300.jpg 225w, https:\/\/skateclubcalais.fr\/wp-content\/uploads\/2020\/07\/casques-bullet-1152x1536.jpg 1152w, https:\/\/skateclubcalais.fr\/wp-content\/uploads\/2020\/07\/casques-bullet-1536x2048.jpg 1536w, https:\/\/skateclubcalais.fr\/wp-content\/uploads\/2020\/07\/casques-bullet-scaled.jpg 1920w\" sizes=\"(max-width: 706px) 89vw, (max-width: 767px) 82vw, 740px\" \/><\/figure>\n\n\n\n<figure class=\"wp-block-image size-large\"><img decoding=\"async\" loading=\"lazy\" width=\"768\" height=\"1024\" src=\"http:\/\/skateclubcalais.fr\/wp-content\/uploads\/2020\/07\/protections-1-768x1024.jpg\" alt=\"\" class=\"wp-image-956\" srcset=\"https:\/\/skateclubcalais.fr\/wp-content\/uploads\/2020\/07\/protections-1-768x1024.jpg 768w, https:\/\/skateclubcalais.fr\/wp-content\/uploads\/2020\/07\/protections-1-225x300.jpg 225w, https:\/\/skateclubcalais.fr\/wp-content\/uploads\/2020\/07\/protections-1-1152x1536.jpg 1152w, https:\/\/skateclubcalais.fr\/wp-content\/uploads\/2020\/07\/protections-1-1536x2048.jpg 1536w, https:\/\/skateclubcalais.fr\/wp-content\/uploads\/2020\/07\/protections-1-scaled.jpg 1920w\" sizes=\"(max-width: 706px) 89vw, (max-width: 767px) 82vw, 740px\" \/><\/figure>\n\n\n\n<figure class=\"wp-block-image size-large\"><img decoding=\"async\" loading=\"lazy\" width=\"768\" height=\"1024\" src=\"http:\/\/skateclubcalais.fr\/wp-content\/uploads\/2020\/07\/protections-768x1024.jpg\" alt=\"\" class=\"wp-image-957\" srcset=\"https:\/\/skateclubcalais.fr\/wp-content\/uploads\/2020\/07\/protections-768x1024.jpg 768w, https:\/\/skateclubcalais.fr\/wp-content\/uploads\/2020\/07\/protections-225x300.jpg 225w, https:\/\/skateclubcalais.fr\/wp-content\/uploads\/2020\/07\/protections-1152x1536.jpg 1152w, https:\/\/skateclubcalais.fr\/wp-content\/uploads\/2020\/07\/protections-1536x2048.jpg 1536w, https:\/\/skateclubcalais.fr\/wp-content\/uploads\/2020\/07\/protections-scaled.jpg 1920w\" sizes=\"(max-width: 706px) 89vw, (max-width: 767px) 82vw, 740px\" \/><\/figure>\n\n\n\n<figure class=\"wp-block-image size-large\"><img decoding=\"async\" loading=\"lazy\" width=\"768\" height=\"1024\" src=\"http:\/\/skateclubcalais.fr\/wp-content\/uploads\/2020\/07\/acc\u00e9ssoire-768x1024.jpg\" alt=\"\" class=\"wp-image-958\" srcset=\"https:\/\/skateclubcalais.fr\/wp-content\/uploads\/2020\/07\/acc\u00e9ssoire-768x1024.jpg 768w, https:\/\/skateclubcalais.fr\/wp-content\/uploads\/2020\/07\/acc\u00e9ssoire-225x300.jpg 225w, https:\/\/skateclubcalais.fr\/wp-content\/uploads\/2020\/07\/acc\u00e9ssoire-1152x1536.jpg 1152w, https:\/\/skateclubcalais.fr\/wp-content\/uploads\/2020\/07\/acc\u00e9ssoire-1536x2048.jpg 1536w, https:\/\/skateclubcalais.fr\/wp-content\/uploads\/2020\/07\/acc\u00e9ssoire-scaled.jpg 1920w\" sizes=\"(max-width: 706px) 89vw, (max-width: 767px) 82vw, 740px\" \/><\/figure>\n","protected":false},"excerpt":{"rendered":"<p>Cr\u00e9\u00e9 en 2015, il a \u00e9t\u00e9 con\u00e7u afin de pouvoir proposer du mat\u00e9riel de qualit\u00e9 au riders de l\u2019association \u00e0 des prix bas toute l&rsquo;ann\u00e9e (environ- 20% du prix public). Celui-ci nous permet non seulement de proposer du bon mat\u00e9riels, mais surtout de compenser les prix des licences, stages, cours qui est bas. (voir notre &hellip; <\/p>\n<p class=\"link-more\"><a href=\"https:\/\/skateclubcalais.fr\/index.php\/reservations-creneaux-associatifs\/\" class=\"more-link\">Continuer la lecture<span class=\"screen-reader-text\"> de &laquo;&nbsp;le Skateshop associatif&nbsp;&raquo;<\/span><\/a><\/p>\n","protected":false},"author":1,"featured_media":0,"parent":0,"menu_order":0,"comment_status":"closed","ping_status":"closed","template":"","meta":[],"_links":{"self":[{"href":"https:\/\/skateclubcalais.fr\/index.php\/wp-json\/wp\/v2\/pages\/835"}],"collection":[{"href":"https:\/\/skateclubcalais.fr\/index.php\/wp-json\/wp\/v2\/pages"}],"about":[{"href":"https:\/\/skateclubcalais.fr\/index.php\/wp-json\/wp\/v2\/types\/page"}],"author":[{"embeddable":true,"href":"https:\/\/skateclubcalais.fr\/index.php\/wp-json\/wp\/v2\/users\/1"}],"replies":[{"embeddable":true,"href":"https:\/\/skateclubcalais.fr\/index.php\/wp-json\/wp\/v2\/comments?post=835"}],"version-history":[{"count":24,"href":"https:\/\/skateclubcalais.fr\/index.php\/wp-json\/wp\/v2\/pages\/835\/revisions"}],"predecessor-version":[{"id":1383,"href":"https:\/\/skateclubcalais.fr\/index.php\/wp-json\/wp\/v2\/pages\/835\/revisions\/1383"}],"wp:attachment":[{"href":"https:\/\/skateclubcalais.fr\/index.php\/wp-json\/wp\/v2\/media?parent=835"}],"curies":[{"name":"wp","href":"https:\/\/api.w.org\/{rel}","templated":true}]}}