{"id":83,"date":"2018-04-18T18:05:08","date_gmt":"2018-04-18T16:05:08","guid":{"rendered":"http:\/\/skateclubcalais.fr\/?page_id=83"},"modified":"2025-09-02T19:13:16","modified_gmt":"2025-09-02T17:13:16","slug":"horaires-et-dates","status":"publish","type":"page","link":"https:\/\/skateclubcalais.fr\/index.php\/horaires-et-dates\/","title":{"rendered":""},"content":{"rendered":"\n<p><\/p>\n\n\n\n<p><\/p>\n\n\n\n<div class=\"wp-block-group is-layout-flow\"><div class=\"wp-block-group__inner-container\">\n<div id='gallery-1' class='gallery galleryid-83 gallery-columns-1 gallery-size-thumbnail'><figure class='gallery-item'>\n\t\t\t<div class='gallery-icon landscape'>\n\t\t\t\t<a href='https:\/\/skateclubcalais.fr\/logog-skate-california\/'><img width=\"150\" height=\"150\" src=\"https:\/\/skateclubcalais.fr\/wp-content\/uploads\/2020\/11\/logog-skate-california-150x150.png\" class=\"attachment-thumbnail size-thumbnail\" alt=\"\" decoding=\"async\" loading=\"lazy\" aria-describedby=\"gallery-1-1011\" srcset=\"https:\/\/skateclubcalais.fr\/wp-content\/uploads\/2020\/11\/logog-skate-california-150x150.png 150w, https:\/\/skateclubcalais.fr\/wp-content\/uploads\/2020\/11\/logog-skate-california-100x100.png 100w\" sizes=\"100vw\" \/><\/a>\n\t\t\t<\/div>\n\t\t\t\t<figcaption class='wp-caption-text gallery-caption' id='gallery-1-1011'>\n\t\t\t\tlogo skate club\n\t\t\t\t<\/figcaption><\/figure>\n\t\t<\/div>\n\n<p><img decoding=\"async\" loading=\"lazy\" class=\"size-medium wp-image-505 aligncenter\" src=\"http:\/\/skateclubcalais.fr\/wp-content\/uploads\/2018\/10\/school-guide-198x300.jpg\" alt=\"\" width=\"198\" height=\"300\" srcset=\"https:\/\/skateclubcalais.fr\/wp-content\/uploads\/2018\/10\/school-guide-198x300.jpg 198w, https:\/\/skateclubcalais.fr\/wp-content\/uploads\/2018\/10\/school-guide.jpg 359w\" sizes=\"(max-width: 198px) 100vw, 198px\" \/><\/p>\n<div id=\"metaslider-id-391\" style=\"max-width: 700px;\" class=\"ml-slider-3-29-1 metaslider metaslider-flex metaslider-391 ml-slider\">\n    <div id=\"metaslider_container_391\">\n        <div id=\"metaslider_391\">\n            <ul aria-live=\"polite\" class=\"slides\">\n                <li style=\"display: block; width: 100%;\" class=\"slide-401 ms-image\"><img src=\"https:\/\/skateclubcalais.fr\/wp-content\/uploads\/2018\/05\/DSC_0316-700x300.jpg\" height=\"300\" width=\"700\" alt=\"\" class=\"slider-391 slide-401\" title=\"DSC_0316\" \/><\/li>\n                <li style=\"display: none; width: 100%;\" class=\"slide-393 ms-image\"><img src=\"https:\/\/skateclubcalais.fr\/wp-content\/uploads\/2018\/05\/DSC_0314-700x300.jpg\" height=\"300\" width=\"700\" alt=\"\" class=\"slider-391 slide-393\" title=\"DSC_0314\" \/><\/li>\n                <li style=\"display: none; width: 100%;\" class=\"slide-402 ms-image\"><img src=\"https:\/\/skateclubcalais.fr\/wp-content\/uploads\/2018\/05\/DSC_0359-700x300.jpg\" height=\"300\" width=\"700\" alt=\"\" class=\"slider-391 slide-402\" title=\"DSC_0359\" \/><\/li>\n                <li style=\"display: none; width: 100%;\" class=\"slide-403 ms-image\"><img src=\"https:\/\/skateclubcalais.fr\/wp-content\/uploads\/2018\/05\/DSC_0364-700x300.jpg\" height=\"300\" width=\"700\" alt=\"\" class=\"slider-391 slide-403\" title=\"DSC_0364\" \/><\/li>\n                <li style=\"display: none; width: 100%;\" class=\"slide-405 ms-image\"><img src=\"https:\/\/skateclubcalais.fr\/wp-content\/uploads\/2018\/05\/DSC_0365-700x300.jpg\" height=\"300\" width=\"700\" alt=\"\" class=\"slider-391 slide-405\" title=\"DSC_0365\" \/><\/li>\n            <\/ul>\n        <\/div>\n        \n    <\/div>\n<\/div>\n<p><b>Au sein d&rsquo;une \u00e9cole de skate, le SKATE CLUB CALAIS organise au Skatepark Zap\u2019Ados quai Lucien Lheureux , des cours ou des sessions encadr\u00e9es avec des encadrants sportifs.<\/b><\/p>\n<p style=\"text-align: center;\">le samedi de 10h00 \u00e0 11h00 et de 11h15 \u00e0 12h15.<\/p>\n<p style=\"text-align: center;\">pour les \u00e9l\u00e8ves niveau novice et niveau interm\u00e9diaire.<\/p>\n<p>&nbsp; &nbsp; &nbsp; &nbsp; &nbsp; &nbsp; &nbsp; &nbsp; &nbsp; &nbsp; &nbsp; &nbsp; &nbsp; &nbsp; &nbsp; &nbsp; &nbsp; &nbsp; &nbsp; &nbsp; &nbsp; &nbsp; &nbsp; &nbsp; &nbsp; &nbsp;pas de&nbsp; cours durant les vacances scolaires<\/p>\n<p style=\"text-align: center;\"><\/p>\n<\/div><\/div>\n\n\n\n\n\n<p><\/p>\n\n\n\n<h1 class=\"wp-block-heading\">L\u2019histoire du skateboard.<\/h1>\n\n\n\n<h2 class=\"wp-block-heading\">Historique du skateboard.<\/h2>\n\n\n\n<p>Appartenant \u00e0 la famille des moyens de locomotion, ce dr\u00f4le d\u2019objet a son histoire. Il s\u2019inscrit dans la g\u00e9n\u00e9alogie des&nbsp;<strong>outils que l\u2019homme<\/strong>&nbsp;invente pour rouler, se d\u00e9placer mais aussi pour s\u2019amuser, se d\u00e9passer.<br>Il fait partie de l\u2019univers de la glisse, pourtant ses liens de parent\u00e9 exacts sont souvent difficiles \u00e0 \u00e9tablir.<\/p>\n\n\n\n<h2 class=\"wp-block-heading\">Naissance du skateboard.<\/h2>\n\n\n\n<p>Descendant pour certains du patin \u00e0 roulettes, pour d\u2019autres du surf (double g\u00e9n\u00e9alogie entre les roues et la planche), arrivant tout droit des \u00c9tats-Unis dans les d\u00e9cennies 50-60, le skate ne poss\u00e8de pas de date de naissance pr\u00e9cise. Assez rudimentaire \u00e0 ses d\u00e9buts, il se heurte au b\u00e9ton sans parvenir \u00e0 le dompter, limitant les circonvolutions des passionn\u00e9s et la popularit\u00e9 de la discipline.<\/p>\n\n\n\n<h2 class=\"wp-block-heading\">Innovation technique du skateboard.<\/h2>\n\n\n\n<p>En 1973, plusieurs innovations techniques transforment le&nbsp;<strong>skate<\/strong>&nbsp;et, en peu de temps, il devient un&nbsp;<strong>ph\u00e9nom\u00e8ne incontournable<\/strong>, pour preuve les&nbsp;<strong>1.200.000 pratiquants en 1978<\/strong>. C\u2019est la d\u00e9ferlante&nbsp;<strong>Skate en France<\/strong>, l\u2019\u00e9poque de toutes les audaces, de l\u2019invention des figures, des premiers champions mais aussi de la r\u00e9cup\u00e9ration par les m\u00e9dias. Le Skate devient une figure de la ville, on le croise \u00e0 chaque coin de rue.<\/p>\n\n\n\n<h2 class=\"wp-block-heading\">Le skateboard au bord de la disparition dans les ann\u00e9es 1980.<\/h2>\n\n\n\n<p>Dix ans plus tard, lorsque les planches disparaissent des bitumes, on assimile un peu rapidement le Skate \u00e0 un ph\u00e9nom\u00e8ne de mode, une passion \u00e9ph\u00e9m\u00e8re. Due \u00e0 la saturation du march\u00e9 ou \u00e0 l\u2019\u00e9chec d\u2019une reconnaissance officielle comme sport, la crise s\u2019installe et les adeptes sont de moins en moins nombreux. Pendant ce temps, la f\u00e9d\u00e9ration continue de revendiquer un statut sportif pour le Skateboard.<\/p>\n\n\n\n<h2 class=\"wp-block-heading\">La r\u00e9volution du skateboard.<\/h2>\n\n\n\n<p>Pourtant, en 1983 une figure relance la discipline&nbsp;; le &nbsp;\u00bb&nbsp;<strong>ollie-air<\/strong>&nbsp;\u00ab&nbsp;, dit aussi le&nbsp;<strong>Ollie<\/strong>, permet au skater de se d\u00e9crocher du sol, de flirter avec l\u2019air et ainsi d\u2019affronter les obstacles de la ville. Le moindre \u00e9l\u00e9ment du mobilier urbain devient alors d\u00e9fi ou support. On skate dans la rue, contre la rue, avec la rue.<\/p>\n\n\n\n<p>P\u00e9riodiquement annonc\u00e9e, la mort du&nbsp;<strong>Skate<\/strong>&nbsp;n\u2019est toujours pas une r\u00e9alit\u00e9. S\u2019il y a des fluctuations, elles sont essentiellement dues au renouvellement des g\u00e9n\u00e9rations car le&nbsp;<strong>Skate reste l\u2019apanage de la jeunesse<\/strong>.<\/p>\n","protected":false},"excerpt":{"rendered":"<p>Au sein d&rsquo;une \u00e9cole de skate, le SKATE CLUB CALAIS organise au Skatepark Zap\u2019Ados quai Lucien Lheureux , des cours ou des sessions encadr\u00e9es avec des encadrants sportifs. le samedi de 10h00 \u00e0 11h00 et de 11h15 \u00e0 12h15. pour les \u00e9l\u00e8ves niveau novice et niveau interm\u00e9diaire. &nbsp; &nbsp; &nbsp; &nbsp; &nbsp; &nbsp; &nbsp; &nbsp; &hellip; <\/p>\n<p class=\"link-more\"><a href=\"https:\/\/skateclubcalais.fr\/index.php\/horaires-et-dates\/\" class=\"more-link\">Continuer la lecture<span class=\"screen-reader-text\"> de &laquo;&nbsp;&nbsp;&raquo;<\/span><\/a><\/p>\n","protected":false},"author":1,"featured_media":0,"parent":0,"menu_order":0,"comment_status":"closed","ping_status":"closed","template":"","meta":[],"_links":{"self":[{"href":"https:\/\/skateclubcalais.fr\/index.php\/wp-json\/wp\/v2\/pages\/83"}],"collection":[{"href":"https:\/\/skateclubcalais.fr\/index.php\/wp-json\/wp\/v2\/pages"}],"about":[{"href":"https:\/\/skateclubcalais.fr\/index.php\/wp-json\/wp\/v2\/types\/page"}],"author":[{"embeddable":true,"href":"https:\/\/skateclubcalais.fr\/index.php\/wp-json\/wp\/v2\/users\/1"}],"replies":[{"embeddable":true,"href":"https:\/\/skateclubcalais.fr\/index.php\/wp-json\/wp\/v2\/comments?post=83"}],"version-history":[{"count":60,"href":"https:\/\/skateclubcalais.fr\/index.php\/wp-json\/wp\/v2\/pages\/83\/revisions"}],"predecessor-version":[{"id":1441,"href":"https:\/\/skateclubcalais.fr\/index.php\/wp-json\/wp\/v2\/pages\/83\/revisions\/1441"}],"wp:attachment":[{"href":"https:\/\/skateclubcalais.fr\/index.php\/wp-json\/wp\/v2\/media?parent=83"}],"curies":[{"name":"wp","href":"https:\/\/api.w.org\/{rel}","templated":true}]}}