{"id":81,"date":"2018-04-18T18:04:58","date_gmt":"2018-04-18T16:04:58","guid":{"rendered":"http:\/\/skateclubcalais.fr\/?page_id=81"},"modified":"2024-08-23T22:38:44","modified_gmt":"2024-08-23T20:38:44","slug":"benevoles","status":"publish","type":"page","link":"https:\/\/skateclubcalais.fr\/index.php\/benevoles\/","title":{"rendered":"Acteurs du club"},"content":{"rendered":"\n<figure class=\"wp-block-image\"><img decoding=\"async\" src=\"blob:http:\/\/skateclubcalais.fr\/217f3df4-2650-47d9-87c7-88e48e21d642\" alt=\"\"\/><\/figure>\n\n\n<div id='gallery-1' class='gallery galleryid-81 gallery-columns-4 gallery-size-thumbnail'><figure class='gallery-item'>\n\t\t\t<div class='gallery-icon landscape'>\n\t\t\t\t<a href='https:\/\/skateclubcalais.fr\/wp-content\/uploads\/2023\/10\/Perrine.jpg'><img width=\"150\" height=\"150\" src=\"https:\/\/skateclubcalais.fr\/wp-content\/uploads\/2023\/10\/Perrine-150x150.jpg\" class=\"attachment-thumbnail size-thumbnail\" alt=\"\" decoding=\"async\" loading=\"lazy\" aria-describedby=\"gallery-1-1319\" srcset=\"https:\/\/skateclubcalais.fr\/wp-content\/uploads\/2023\/10\/Perrine-150x150.jpg 150w, https:\/\/skateclubcalais.fr\/wp-content\/uploads\/2023\/10\/Perrine-300x297.jpg 300w, https:\/\/skateclubcalais.fr\/wp-content\/uploads\/2023\/10\/Perrine-1024x1014.jpg 1024w, https:\/\/skateclubcalais.fr\/wp-content\/uploads\/2023\/10\/Perrine-100x100.jpg 100w, https:\/\/skateclubcalais.fr\/wp-content\/uploads\/2023\/10\/Perrine.jpg 1511w\" sizes=\"100vw\" \/><\/a>\n\t\t\t<\/div>\n\t\t\t\t<figcaption class='wp-caption-text gallery-caption' id='gallery-1-1319'>\n\t\t\t\tPerrine Gokelaere     \nPr\u00e9sidente et prof de skate             \n\t\t\t\t<\/figcaption><\/figure><figure class='gallery-item'>\n\t\t\t<div class='gallery-icon landscape'>\n\t\t\t\t<a href='https:\/\/skateclubcalais.fr\/wp-content\/uploads\/2021\/04\/120748268_10207215515184268_4595669467366780327_n.jpg'><img width=\"150\" height=\"150\" src=\"https:\/\/skateclubcalais.fr\/wp-content\/uploads\/2021\/04\/120748268_10207215515184268_4595669467366780327_n-150x150.jpg\" class=\"attachment-thumbnail size-thumbnail\" alt=\"\" decoding=\"async\" loading=\"lazy\" aria-describedby=\"gallery-1-1051\" srcset=\"https:\/\/skateclubcalais.fr\/wp-content\/uploads\/2021\/04\/120748268_10207215515184268_4595669467366780327_n-150x150.jpg 150w, https:\/\/skateclubcalais.fr\/wp-content\/uploads\/2021\/04\/120748268_10207215515184268_4595669467366780327_n-300x300.jpg 300w, https:\/\/skateclubcalais.fr\/wp-content\/uploads\/2021\/04\/120748268_10207215515184268_4595669467366780327_n-768x768.jpg 768w, https:\/\/skateclubcalais.fr\/wp-content\/uploads\/2021\/04\/120748268_10207215515184268_4595669467366780327_n-100x100.jpg 100w, https:\/\/skateclubcalais.fr\/wp-content\/uploads\/2021\/04\/120748268_10207215515184268_4595669467366780327_n.jpg 1008w\" sizes=\"100vw\" \/><\/a>\n\t\t\t<\/div>\n\t\t\t\t<figcaption class='wp-caption-text gallery-caption' id='gallery-1-1051'>\n\t\t\t\tS\u00e9verine Huret secr\u00e9taire adjointe      \n\t\t\t\t<\/figcaption><\/figure><figure class='gallery-item'>\n\t\t\t<div class='gallery-icon landscape'>\n\t\t\t\t<a href='https:\/\/skateclubcalais.fr\/wp-content\/uploads\/2023\/10\/Peter.jpg'><img width=\"150\" height=\"150\" src=\"https:\/\/skateclubcalais.fr\/wp-content\/uploads\/2023\/10\/Peter-150x150.jpg\" class=\"attachment-thumbnail size-thumbnail\" alt=\"\" decoding=\"async\" loading=\"lazy\" aria-describedby=\"gallery-1-1324\" srcset=\"https:\/\/skateclubcalais.fr\/wp-content\/uploads\/2023\/10\/Peter-150x150.jpg 150w, https:\/\/skateclubcalais.fr\/wp-content\/uploads\/2023\/10\/Peter-100x100.jpg 100w\" sizes=\"100vw\" \/><\/a>\n\t\t\t<\/div>\n\t\t\t\t<figcaption class='wp-caption-text gallery-caption' id='gallery-1-1324'>\n\t\t\t\tPeter Beaudel\n  \nSecr\u00e9taire, R\u00e9f\u00e9rent BMX, prof de skate\n\t\t\t\t<\/figcaption><\/figure><figure class='gallery-item'>\n\t\t\t<div class='gallery-icon landscape'>\n\t\t\t\t<a href='https:\/\/skateclubcalais.fr\/wp-content\/uploads\/2018\/04\/20180426_212906_resized.jpg'><img width=\"150\" height=\"150\" src=\"https:\/\/skateclubcalais.fr\/wp-content\/uploads\/2018\/04\/20180426_212906_resized-150x150.jpg\" class=\"attachment-thumbnail size-thumbnail\" alt=\"\" decoding=\"async\" loading=\"lazy\" aria-describedby=\"gallery-1-279\" srcset=\"https:\/\/skateclubcalais.fr\/wp-content\/uploads\/2018\/04\/20180426_212906_resized-150x150.jpg 150w, https:\/\/skateclubcalais.fr\/wp-content\/uploads\/2018\/04\/20180426_212906_resized-100x100.jpg 100w\" sizes=\"100vw\" \/><\/a>\n\t\t\t<\/div>\n\t\t\t\t<figcaption class='wp-caption-text gallery-caption' id='gallery-1-279'>\n\t\t\t\tJ\u00e9r\u00e9mie Perrot tr\u00e9sorier\n\t\t\t\t<\/figcaption><\/figure><figure class='gallery-item'>\n\t\t\t<div class='gallery-icon landscape'>\n\t\t\t\t<a href='https:\/\/skateclubcalais.fr\/wp-content\/uploads\/2018\/04\/20180426_212807_resized.jpg'><img width=\"150\" height=\"150\" src=\"https:\/\/skateclubcalais.fr\/wp-content\/uploads\/2018\/04\/20180426_212807_resized-150x150.jpg\" class=\"attachment-thumbnail size-thumbnail\" alt=\"\" decoding=\"async\" loading=\"lazy\" aria-describedby=\"gallery-1-278\" srcset=\"https:\/\/skateclubcalais.fr\/wp-content\/uploads\/2018\/04\/20180426_212807_resized-150x150.jpg 150w, https:\/\/skateclubcalais.fr\/wp-content\/uploads\/2018\/04\/20180426_212807_resized-100x100.jpg 100w\" sizes=\"100vw\" \/><\/a>\n\t\t\t<\/div>\n\t\t\t\t<figcaption class='wp-caption-text gallery-caption' id='gallery-1-278'>\n\t\t\t\tCharles Broussin \nR\u00e9f\u00e9rent Skate comp\u00e9tition       \n\t\t\t\t<\/figcaption><\/figure><figure class='gallery-item'>\n\t\t\t<div class='gallery-icon portrait'>\n\t\t\t\t<a href='https:\/\/skateclubcalais.fr\/wp-content\/uploads\/2023\/10\/Sylvain.jpg'><img width=\"150\" height=\"150\" src=\"https:\/\/skateclubcalais.fr\/wp-content\/uploads\/2023\/10\/Sylvain-150x150.jpg\" class=\"attachment-thumbnail size-thumbnail\" alt=\"\" decoding=\"async\" loading=\"lazy\" aria-describedby=\"gallery-1-1320\" srcset=\"https:\/\/skateclubcalais.fr\/wp-content\/uploads\/2023\/10\/Sylvain-150x150.jpg 150w, https:\/\/skateclubcalais.fr\/wp-content\/uploads\/2023\/10\/Sylvain-100x100.jpg 100w\" sizes=\"100vw\" \/><\/a>\n\t\t\t<\/div>\n\t\t\t\t<figcaption class='wp-caption-text gallery-caption' id='gallery-1-1320'>\n\t\t\t\tSylvain Ehinger                                      \n      R\u00e9f\u00e9rent Roller, Prof de skate\n\t\t\t\t<\/figcaption><\/figure>\n\t\t<\/div>\n","protected":false},"excerpt":{"rendered":"","protected":false},"author":1,"featured_media":0,"parent":0,"menu_order":0,"comment_status":"closed","ping_status":"closed","template":"","meta":[],"_links":{"self":[{"href":"https:\/\/skateclubcalais.fr\/index.php\/wp-json\/wp\/v2\/pages\/81"}],"collection":[{"href":"https:\/\/skateclubcalais.fr\/index.php\/wp-json\/wp\/v2\/pages"}],"about":[{"href":"https:\/\/skateclubcalais.fr\/index.php\/wp-json\/wp\/v2\/types\/page"}],"author":[{"embeddable":true,"href":"https:\/\/skateclubcalais.fr\/index.php\/wp-json\/wp\/v2\/users\/1"}],"replies":[{"embeddable":true,"href":"https:\/\/skateclubcalais.fr\/index.php\/wp-json\/wp\/v2\/comments?post=81"}],"version-history":[{"count":42,"href":"https:\/\/skateclubcalais.fr\/index.php\/wp-json\/wp\/v2\/pages\/81\/revisions"}],"predecessor-version":[{"id":1376,"href":"https:\/\/skateclubcalais.fr\/index.php\/wp-json\/wp\/v2\/pages\/81\/revisions\/1376"}],"wp:attachment":[{"href":"https:\/\/skateclubcalais.fr\/index.php\/wp-json\/wp\/v2\/media?parent=81"}],"curies":[{"name":"wp","href":"https:\/\/api.w.org\/{rel}","templated":true}]}}