{"id":237,"date":"2018-04-26T15:13:53","date_gmt":"2018-04-26T13:13:53","guid":{"rendered":"http:\/\/skateclubcalais.fr\/?page_id=237"},"modified":"2025-09-02T18:53:51","modified_gmt":"2025-09-02T16:53:51","slug":"horaires","status":"publish","type":"page","link":"https:\/\/skateclubcalais.fr\/index.php\/horaires\/","title":{"rendered":"Horaires\/tarifs"},"content":{"rendered":"\n<p><strong>REPRISE DES INSCRIPTIONS POUR L&rsquo;ECOLE DE SKATE DU SAMEDI MATIN : <\/strong><\/p>\n\n\n\n<p class=\"has-vivid-red-color has-text-color\"><strong>LE SAMEDI 20 SEPTEMBRE 2025 (10h-12h au zap&rsquo;ados)<\/strong><\/p>\n\n\n\n<p><\/p>\n\n\n\n<div class=\"wp-block-group is-layout-constrained\"><div class=\"wp-block-group__inner-container\">\n<p><strong>D\u00e9roulement de la matin\u00e9e d&rsquo;inscription du 20\/09\/25 (pour l&rsquo;\u00e9cole de skate)<\/strong><\/p>\n\n\n\n<p><strong>le 20\/09\/25 de 10h \u00e0 12h : renouvellement des adh\u00e9sions (pour les personnes inscrites lors de la saison 2024\/2025)<\/strong> <strong>et nouvelles adh\u00e9sions<\/strong><\/p>\n\n\n\n<p><strong>le 27\/09\/25 de 10h00 \u00e0 12h15 : r\u00e9partitions des diff\u00e9rents groupes de l&rsquo;\u00e9cole de skate <\/strong><\/p>\n<\/div><\/div>\n\n\n\n<p><\/p>\n\n\n\n<p><\/p>\n\n\n\n<div class=\"wp-block-group is-layout-constrained\"><div class=\"wp-block-group__inner-container\"><\/div><\/div>\n\n\n\n<p>__________________________________________________________________________<\/p>\n\n\n\n<p><\/p>\n\n\n\n<p>__________________________________________________________________________<\/p>\n\n\n\n<p><\/p>\n\n\n\n<p><\/p>\n\n\n\n<p><strong><mark style=\"background-color:rgba(0, 0, 0, 0)\" class=\"has-inline-color has-vivid-green-cyan-color\">REPRISE DES CRENEAUX ASSOCIATIFS A PARTIR DU 16 SEPTEMBRE 2025<\/mark><\/strong><\/p>\n\n\n<p class=\"western\" align=\"center\"><span style=\"color: #000000;\"><span style=\"font-family: 'Rockwell Extra Bold', serif;\"><span style=\"font-size: large;\"><span style=\"color: #ffffff;\"><strong><span style=\"color: #ff0000;\">REPRISE DES CRENEAUX SOIREE A PARTIR DU MARDI 16\/09 (Roller) <\/span><\/strong><\/span><\/span><\/span><\/span><\/p>\n<p class=\"western\" align=\"center\"><span style=\"color: #000000;\"><span style=\"font-family: 'Rockwell Extra Bold', serif;\"><span style=\"font-size: large;\"><span style=\"color: #ffffff;\"><strong><span style=\"color: #ff0000;\">et ensuite du 17\/09 (skate), le 18\/09 (BMX) , le 19\/09 et 20\/09 (roller skate BMX)<\/span><\/strong><\/span><\/span><\/span><\/span><\/p>\n<table width=\"100%\" cellspacing=\"0\" cellpadding=\"4\"><colgroup> <col width=\"128*\" \/> <col width=\"128*\" \/> <\/colgroup>\n<tbody>\n<tr valign=\"top\">\n<td width=\"50%\">\n<p class=\"western\"><span style=\"color: #ff0000;\"><span style=\"font-family: 'Rockwell Extra Bold', serif;\"><span style=\"font-size: large;\"><b>Cr\u00e9neaux sessions libres\u00a0:<\/b><\/span><\/span><\/span><\/p>\n<\/td>\n<td width=\"50%\">\n<p class=\"western\" style=\"text-align: center;\"><span style=\"color: #ff0000;\"><span style=\"font-family: 'Rockwell Extra Bold', serif;\"><span style=\"font-size: large;\"><b>Cr\u00e9neaux \u00e9cole de skate\u00a0:<\/b><\/span><\/span><\/span><\/p>\n<\/td>\n<\/tr>\n<tr valign=\"top\">\n<td width=\"50%\">\n<p class=\"western\"><span style=\"font-family: 'Times New Roman', serif;\"><span style=\"font-size: large;\"><b>DU MARDI AU SAMEDI :<\/b><\/span><\/span><\/p>\n<p class=\"western\"><span style=\"font-family: 'Times New Roman', serif;\"><span style=\"font-size: large;\"><b><span style=\"font-size: medium;\">de 19h30 \u00e0 21h30<\/span><\/b><\/span><\/span><\/p>\n<p class=\"western\"><strong><span style=\"font-family: 'Times New Roman', serif;\"><span style=\"font-size: large;\"><span style=\"font-size: medium;\">Mardi soir :\u00a0 \u00a0 \u00a0 \u00a0 \u00a0<span style=\"color: #ff0000;\">ROLLER uniquement<\/span><\/span><\/span><\/span><\/strong><\/p>\n<p><strong>Mercredi soir :\u00a0 \u00a0<span style=\"color: #ff0000;\">SKATE BOARD uniquement<\/span><\/strong><\/p>\n<p><strong>Jeudi soir :\u00a0 \u00a0 \u00a0 \u00a0 \u00a0 \u00a0 <span style=\"color: #ff0000;\">BMX uniquement<\/span><\/strong><\/p>\n<p><strong>Vendredi soir :\u00a0 \u00a0 <span style=\"color: #ff0000;\">Skate, Roller, BMX<\/span><\/strong><\/p>\n<p><strong>Samedi soir :\u00a0 \u00a0 \u00a0 \u00a0<span style=\"color: #ff0000;\">Skate, Roller, BMX<\/span><\/strong><\/p>\n<\/td>\n<td width=\"50%\">\n<p class=\"western\" style=\"text-align: center;\"><span style=\"font-family: 'Times New Roman', serif;\"><span style=\"font-size: large;\"><strong>LE SAMEDI<\/strong><\/span><\/span><\/p>\n<p style=\"text-align: center;\"><b> <\/b><span style=\"font-family: 'Times New Roman', serif;\"><span style=\"font-size: large;\"><b><span style=\"font-size: medium;\">de 10h00 <\/span><span style=\"font-size: medium;\">\u00e0 <\/span><span style=\"font-size: medium;\">11<\/span><span style=\"font-size: medium;\">h00 groupe 1<\/span><span style=\"font-size: medium;\">.<\/span> <\/b><\/span><\/span><\/p>\n<p style=\"text-align: center;\"><span style=\"font-family: 'Times New Roman', serif;\"><span style=\"font-size: large;\"><b><span style=\"font-size: medium;\">de 11h15 <\/span><span style=\"font-size: medium;\">\u00e0 <\/span><span style=\"font-size: medium;\">12<\/span><span style=\"font-size: medium;\">h15 groupe 2<\/span><span style=\"font-size: medium;\">.<\/span><\/b><\/span><\/span><\/p>\n<\/td>\n<\/tr>\n<\/tbody>\n<\/table>\n<h6 class=\"western\" align=\"center\">\u00a0<\/h6>\n<h6 class=\"western\" align=\"center\"><span style=\"color: #999999;\"><span style=\"font-family: 'Rockwell Extra Bold', serif;\"><span style=\"font-size: large;\"><b style=\"font-family: 'Rockwell Extra Bold', serif; font-size: large;\"><b><span style=\"font-family: 'Times New Roman', serif;\">Merci de noter qu&rsquo;il n&rsquo;y a pas de cours de Roller ni de BMX pour la saison 2025\/2026<\/span><\/b><\/b><\/span><\/span><\/span><\/h6>\n<h1><strong>TARIFS saison 2025 \/2026 du Skate Club Calais.<\/strong><\/h1>\n<p style=\"text-align: left;\" align=\"center\">Sessions libres en Skateboard, BMX et Roller<\/p>\n<p style=\"text-align: left;\" align=\"center\"><span style=\"color: #ff00ff;\"><strong>Tarif adh\u00e9sion annuelle au Skate Club Calais :<\/strong><\/span><\/p>\n<p style=\"text-align: left;\" align=\"center\"><span style=\"color: #ff00ff;\">(Tarifs incluant les cours en skateboard et\/ou avec la possibilit\u00e9 de rouler sur les cr\u00e9neaux du soir).<\/span><\/p>\n<ul>\n<li><span style=\"color: #ff00ff;\">&#8211; de 13 ans: 70\u20ac<\/span><\/li>\n<li><span style=\"color: #ff00ff;\">+\u00a0 de 13 ans :\u00a0 \u00a080\u20ac<\/span><\/li>\n<\/ul>\n<p style=\"text-align: left;\" align=\"center\"><span style=\"color: #339966;\"><strong>Tarif cr\u00e9neaux du soir pour session occasionnelle :<\/strong><\/span><\/p>\n<p style=\"text-align: left;\" align=\"center\"><span style=\"color: #339966;\">( attention ceci est valable pour les personnes n&rsquo;ayant pas souscris \u00e0 un abonnement \u00e0 l&rsquo;ann\u00e9e, exemple : personnes ne venant qu&rsquo;occasionnellement ou habitant loin)<\/span><br \/><span style=\"color: #339966;\">19h30 \u00e0 21h30 &#8211; du mardi au samedi.<\/span><br \/><span style=\"color: #339966;\">Valable de mi-septembre \u00e0 fin juin<\/span><\/p>\n<p style=\"text-align: left;\" align=\"center\"><span style=\"color: #339966;\">10\u20ac la 1\u00e8re s\u00e9ance (adh\u00e9sion annuelle obligatoire avec la 1 \u00e8re<\/span><br \/><span style=\"color: #339966;\">entr\u00e9e offerte)<\/span><\/p>\n<p style=\"text-align: left;\" align=\"center\"><span style=\"color: #339966;\">Tarif apr\u00e8s adh\u00e9sion<\/span><br \/><span style=\"color: #339966;\">1 entr\u00e9e: 3 \u20ac<\/span><\/p>\n<p align=\"center\">Paiements: Pass sport, ch\u00e8ques, esp\u00e8ces.<\/p>\n\n\n<p><mark style=\"background-color:rgba(0, 0, 0, 0)\" class=\"has-inline-color has-vivid-red-color\">FERMETURE DES CRENEAUX ASSOCIATIFS JUILLET ET AOUT<\/mark><strong><mark style=\"background-color:rgba(0, 0, 0, 0)\" class=\"has-inline-color has-vivid-red-color\"> <\/mark><\/strong><\/p>\n\n\n\n<p class=\"has-cyan-bluish-gray-color has-text-color\"><mark style=\"background-color:rgba(0, 0, 0, 0)\" class=\"has-inline-color has-luminous-vivid-orange-color\">POSSIBILITE D&rsquo;OUVERTURE EXCEPTIONNELLE EN JUILLET ET AOUT, INFOS SUR LE FACE BOOK DU SKATE CLUB CALAIS<\/mark><\/p>\n\n\n\n<p>CRENEAUX MUNICIPAUX<\/p>\n\n\n\n<p>Pour toutes demandes concernant les horaires des cr\u00e9neaux  municipaux, veuillez cliquer sur le lien en dessous.<\/p>\n\n\n\n<h2 class=\"wp-block-heading\"><a href=\"https:\/\/www.calais.fr\/fr\/Ville-de-Calais\/envie-de-bouger\/se-divertir\/sports\/566efe56655e3e12cd397fd6\/zap-ados%C2%A0:-le-skate-park-couvert\">Lien vers le site de la ville de Calais<\/a><\/h2>\n","protected":false},"excerpt":{"rendered":"<p>REPRISE DES INSCRIPTIONS POUR L&rsquo;ECOLE DE SKATE DU SAMEDI MATIN : LE SAMEDI 20 SEPTEMBRE 2025 (10h-12h au zap&rsquo;ados) D\u00e9roulement de la matin\u00e9e d&rsquo;inscription du 20\/09\/25 (pour l&rsquo;\u00e9cole de skate) le 20\/09\/25 de 10h \u00e0 12h : renouvellement des adh\u00e9sions (pour les personnes inscrites lors de la saison 2024\/2025) et nouvelles adh\u00e9sions le 27\/09\/25 de &hellip; <\/p>\n<p class=\"link-more\"><a href=\"https:\/\/skateclubcalais.fr\/index.php\/horaires\/\" class=\"more-link\">Continuer la lecture<span class=\"screen-reader-text\"> de &laquo;&nbsp;Horaires\/tarifs&nbsp;&raquo;<\/span><\/a><\/p>\n","protected":false},"author":1,"featured_media":0,"parent":0,"menu_order":0,"comment_status":"closed","ping_status":"closed","template":"","meta":[],"_links":{"self":[{"href":"https:\/\/skateclubcalais.fr\/index.php\/wp-json\/wp\/v2\/pages\/237"}],"collection":[{"href":"https:\/\/skateclubcalais.fr\/index.php\/wp-json\/wp\/v2\/pages"}],"about":[{"href":"https:\/\/skateclubcalais.fr\/index.php\/wp-json\/wp\/v2\/types\/page"}],"author":[{"embeddable":true,"href":"https:\/\/skateclubcalais.fr\/index.php\/wp-json\/wp\/v2\/users\/1"}],"replies":[{"embeddable":true,"href":"https:\/\/skateclubcalais.fr\/index.php\/wp-json\/wp\/v2\/comments?post=237"}],"version-history":[{"count":61,"href":"https:\/\/skateclubcalais.fr\/index.php\/wp-json\/wp\/v2\/pages\/237\/revisions"}],"predecessor-version":[{"id":1424,"href":"https:\/\/skateclubcalais.fr\/index.php\/wp-json\/wp\/v2\/pages\/237\/revisions\/1424"}],"wp:attachment":[{"href":"https:\/\/skateclubcalais.fr\/index.php\/wp-json\/wp\/v2\/media?parent=237"}],"curies":[{"name":"wp","href":"https:\/\/api.w.org\/{rel}","templated":true}]}}