{"id":193,"date":"2018-04-18T20:40:37","date_gmt":"2018-04-18T18:40:37","guid":{"rendered":"http:\/\/skateclubcalais.fr\/?page_id=193"},"modified":"2023-09-14T18:18:15","modified_gmt":"2023-09-14T16:18:15","slug":"videos","status":"publish","type":"page","link":"https:\/\/skateclubcalais.fr\/index.php\/videos\/","title":{"rendered":"Vid\u00e9os"},"content":{"rendered":"\n<figure class=\"wp-block-embed is-type-video is-provider-youtube wp-block-embed-youtube wp-embed-aspect-16-9 wp-has-aspect-ratio\"><div class=\"wp-block-embed__wrapper\">\n<iframe loading=\"lazy\" title=\"BENNETT JAM FESTIVAL. LE FILM 2023\" width=\"525\" height=\"295\" src=\"https:\/\/www.youtube.com\/embed\/q4VMkyI7QEU?feature=oembed\" frameborder=\"0\" allow=\"accelerometer; autoplay; clipboard-write; encrypted-media; gyroscope; picture-in-picture; web-share\" allowfullscreen><\/iframe>\n<\/div><figcaption class=\"wp-element-caption\">Bennett Jam Festival<\/figcaption><\/figure>\n\n\n\n<figure class=\"wp-block-embed is-type-video is-provider-youtube wp-block-embed-youtube wp-embed-aspect-16-9 wp-has-aspect-ratio\"><div class=\"wp-block-embed__wrapper\">\n<iframe loading=\"lazy\" title=\"architecture and ride\" width=\"525\" height=\"295\" src=\"https:\/\/www.youtube.com\/embed\/g5eisuG1qw0?feature=oembed\" frameborder=\"0\" allow=\"accelerometer; autoplay; clipboard-write; encrypted-media; gyroscope; picture-in-picture; web-share\" allowfullscreen><\/iframe>\n<\/div><figcaption class=\"wp-element-caption\">architecture and ride 2023<\/figcaption><\/figure>\n\n\n\n<figure class=\"wp-block-embed is-type-video is-provider-youtube wp-block-embed-youtube wp-embed-aspect-16-9 wp-has-aspect-ratio\"><div class=\"wp-block-embed__wrapper\">\n<iframe loading=\"lazy\" title=\"Architecture and ride ok\" width=\"525\" height=\"295\" src=\"https:\/\/www.youtube.com\/embed\/SUhx4X8dDz8?feature=oembed\" frameborder=\"0\" allow=\"accelerometer; autoplay; clipboard-write; encrypted-media; gyroscope; picture-in-picture; web-share\" allowfullscreen><\/iframe>\n<\/div><figcaption class=\"wp-element-caption\">architecture and ride 2022<\/figcaption><\/figure>\n\n\n\n<figure class=\"wp-block-embed is-type-video is-provider-youtube wp-block-embed-youtube wp-embed-aspect-16-9 wp-has-aspect-ratio\"><div class=\"wp-block-embed__wrapper\">\n<iframe loading=\"lazy\" title=\"Girls Day HD\" width=\"525\" height=\"295\" src=\"https:\/\/www.youtube.com\/embed\/zRajcuOGx1k?feature=oembed\" frameborder=\"0\" allow=\"accelerometer; autoplay; clipboard-write; encrypted-media; gyroscope; picture-in-picture; web-share\" allowfullscreen><\/iframe>\n<\/div><figcaption class=\"wp-element-caption\"> GIRLS DAY  SEPTEMBRE 2020<\/figcaption><\/figure>\n\n\n<p><iframe loading=\"lazy\" title=\"Bennett Jam Festival\" width=\"525\" height=\"295\" src=\"https:\/\/www.youtube.com\/embed\/D49SiyeKbWs?feature=oembed\" frameborder=\"0\" allow=\"accelerometer; autoplay; clipboard-write; encrypted-media; gyroscope; picture-in-picture; web-share\" allowfullscreen><\/iframe><\/p>\n<p>Bennett Jam Festival 2019<\/p>\n<p><iframe loading=\"lazy\" title=\"GOS Cal\u00e8s Cup 2019\" width=\"525\" height=\"295\" src=\"https:\/\/www.youtube.com\/embed\/ESHLxBf2Tg4?feature=oembed\" frameborder=\"0\" allow=\"accelerometer; autoplay; clipboard-write; encrypted-media; gyroscope; picture-in-picture; web-share\" allowfullscreen><\/iframe><\/p>\n<p>Cal\u00e9s Cup 2019 Game Of Skate<\/p>\n<p><iframe loading=\"lazy\" title=\"Street Cal\u00e8s Cup 2019\" width=\"525\" height=\"295\" src=\"https:\/\/www.youtube.com\/embed\/8sKYJI5gvzI?feature=oembed\" frameborder=\"0\" allow=\"accelerometer; autoplay; clipboard-write; encrypted-media; gyroscope; picture-in-picture; web-share\" allowfullscreen><\/iframe><\/p>\n<p>Cal\u00e9s Cup 2019 STREET<\/p>\n<p><iframe loading=\"lazy\" title=\"Bowl Cal\u00e8s Cup 2019\" width=\"525\" height=\"295\" src=\"https:\/\/www.youtube.com\/embed\/Yzsmy1bWbio?feature=oembed\" frameborder=\"0\" allow=\"accelerometer; autoplay; clipboard-write; encrypted-media; gyroscope; picture-in-picture; web-share\" allowfullscreen><\/iframe><\/p>\n<p>Cal\u00e9s Cup 2019 BOWL<\/p>\n<div style=\"width: 525px;\" class=\"wp-video\"><!--[if lt IE 9]><script>document.createElement('video');<\/script><![endif]-->\n<video class=\"wp-video-shortcode\" id=\"video-193-1\" width=\"525\" height=\"295\" preload=\"metadata\" controls=\"controls\"><source type=\"video\/mp4\" src=\"http:\/\/skateclubcalais.fr\/wp-content\/uploads\/2019\/03\/Championnat-de-France-de-Skateboard-CDF-Play-Off-Street-Calais-2019.mp4?_=1\" \/><a href=\"http:\/\/skateclubcalais.fr\/wp-content\/uploads\/2019\/03\/Championnat-de-France-de-Skateboard-CDF-Play-Off-Street-Calais-2019.mp4\">http:\/\/skateclubcalais.fr\/wp-content\/uploads\/2019\/03\/Championnat-de-France-de-Skateboard-CDF-Play-Off-Street-Calais-2019.mp4<\/a><\/video><\/div>\n<p>Play off championnats de France 2019<\/p>\n<p><iframe loading=\"lazy\" title=\"Cal\u00e9s cup 2018\" width=\"525\" height=\"394\" src=\"https:\/\/www.youtube.com\/embed\/DHjK5iV4Ppc?feature=oembed\" frameborder=\"0\" allow=\"accelerometer; autoplay; clipboard-write; encrypted-media; gyroscope; picture-in-picture; web-share\" allowfullscreen><\/iframe><\/p>\n<p>Cal\u00e9s cup 2018<\/p>\n<p>https:\/\/www.facebook.com\/zapadoscalais\/videos\/753616328363703\/<\/p>\n<p><iframe loading=\"lazy\" title=\"Zap Ados, le nouveau skatepark indoor de Calais\" width=\"525\" height=\"295\" src=\"https:\/\/www.youtube.com\/embed\/oZDFpEYi0Fg?feature=oembed\" frameborder=\"0\" allow=\"accelerometer; autoplay; clipboard-write; encrypted-media; gyroscope; picture-in-picture; web-share\" allowfullscreen><\/iframe><\/p>\n<p><iframe loading=\"lazy\" title=\"CALe\u0301S CUP 2017 Street\/Game of S.K.A.T.E Edit\" width=\"525\" height=\"295\" src=\"https:\/\/www.youtube.com\/embed\/dVXkGQ7Pceo?feature=oembed\" frameborder=\"0\" allow=\"accelerometer; autoplay; clipboard-write; encrypted-media; gyroscope; picture-in-picture; web-share\" allowfullscreen><\/iframe><\/p>\n<p><iframe loading=\"lazy\" title=\"CALe\u0301S CUP 2017 Bowl Edit\" width=\"525\" height=\"295\" src=\"https:\/\/www.youtube.com\/embed\/sSfGfAIcFg8?feature=oembed\" frameborder=\"0\" allow=\"accelerometer; autoplay; clipboard-write; encrypted-media; gyroscope; picture-in-picture; web-share\" allowfullscreen><\/iframe><\/p>\n<h6>Cal\u00e9s Cup 2017<\/h6>\n<p><a href=\"https:\/\/www.facebook.com\/SkateClubCalaisSkateparkZapados\/videos\/940119929478918\/\">https:\/\/www.facebook.com\/SkateClubCalaisSkateparkZapados\/videos\/940119929478918\/<\/a><\/p>\n<h6>Bennett Jam 2017<\/h6>\n<div style=\"width: 525px;\" class=\"wp-video\"><video class=\"wp-video-shortcode\" id=\"video-193-2\" width=\"525\" height=\"295\" preload=\"metadata\" controls=\"controls\"><source type=\"video\/mp4\" src=\"http:\/\/skateclubcalais.fr\/wp-content\/uploads\/2018\/05\/Vid\u00e9o-cfsk8-Calais-2013.mp4?_=2\" \/><a href=\"http:\/\/skateclubcalais.fr\/wp-content\/uploads\/2018\/05\/Vid\u00e9o-cfsk8-Calais-2013.mp4\">http:\/\/skateclubcalais.fr\/wp-content\/uploads\/2018\/05\/Vid\u00e9o-cfsk8-Calais-2013.mp4<\/a><\/video><\/div>\n<h6>Championnat de France 2013<\/h6>\n\n\n<p><a href=\"https:\/\/www.facebook.com\/173500062807579\/videos\/347452916571947\">https:\/\/www.facebook.com\/173500062807579\/videos\/347452916571947<\/a><\/p>\n\n\n\n<p>Girls Day 2020<\/p>\n","protected":false},"excerpt":{"rendered":"<p>Bennett Jam Festival 2019 Cal\u00e9s Cup 2019 Game Of Skate Cal\u00e9s Cup 2019 STREET Cal\u00e9s Cup 2019 BOWL Play off championnats de France 2019 Cal\u00e9s cup 2018 https:\/\/www.facebook.com\/zapadoscalais\/videos\/753616328363703\/ Cal\u00e9s Cup 2017 Bennett Jam 2017 Championnat de France 2013 https:\/\/www.facebook.com\/173500062807579\/videos\/347452916571947 Girls Day 2020<\/p>\n","protected":false},"author":1,"featured_media":0,"parent":0,"menu_order":0,"comment_status":"closed","ping_status":"closed","template":"","meta":[],"_links":{"self":[{"href":"https:\/\/skateclubcalais.fr\/index.php\/wp-json\/wp\/v2\/pages\/193"}],"collection":[{"href":"https:\/\/skateclubcalais.fr\/index.php\/wp-json\/wp\/v2\/pages"}],"about":[{"href":"https:\/\/skateclubcalais.fr\/index.php\/wp-json\/wp\/v2\/types\/page"}],"author":[{"embeddable":true,"href":"https:\/\/skateclubcalais.fr\/index.php\/wp-json\/wp\/v2\/users\/1"}],"replies":[{"embeddable":true,"href":"https:\/\/skateclubcalais.fr\/index.php\/wp-json\/wp\/v2\/comments?post=193"}],"version-history":[{"count":25,"href":"https:\/\/skateclubcalais.fr\/index.php\/wp-json\/wp\/v2\/pages\/193\/revisions"}],"predecessor-version":[{"id":1313,"href":"https:\/\/skateclubcalais.fr\/index.php\/wp-json\/wp\/v2\/pages\/193\/revisions\/1313"}],"wp:attachment":[{"href":"https:\/\/skateclubcalais.fr\/index.php\/wp-json\/wp\/v2\/media?parent=193"}],"curies":[{"name":"wp","href":"https:\/\/api.w.org\/{rel}","templated":true}]}}