{"id":121,"date":"2018-04-18T18:32:23","date_gmt":"2018-04-18T16:32:23","guid":{"rendered":"http:\/\/skateclubcalais.fr\/?page_id=121"},"modified":"2024-08-23T21:52:58","modified_gmt":"2024-08-23T19:52:58","slug":"accueil","status":"publish","type":"page","link":"https:\/\/skateclubcalais.fr\/","title":{"rendered":"Accueil"},"content":{"rendered":"\n<p><\/p>\n\n\n<p style=\"text-align: center;\">\u00a0 \u00a0 \u00a0 <!-- MetaSlider 473 not found --><\/p>\n<div id=\"metaslider-id-406\" style=\"max-width: 1000px;\" class=\"ml-slider-3-29-1 metaslider metaslider-flex metaslider-406 ml-slider\">\n    <div id=\"metaslider_container_406\">\n        <div id=\"metaslider_406\">\n            <ul aria-live=\"polite\" class=\"slides\">\n                <li style=\"display: block; width: 100%;\" class=\"slide-1014 ms-image\"><img src=\"https:\/\/skateclubcalais.fr\/wp-content\/uploads\/2020\/11\/logog-skate-california-1000x1400.png\" height=\"1400\" width=\"1000\" alt=\"\" class=\"slider-406 slide-1014\" title=\"logog skate california\" \/><div class=\"caption-wrap\"><div class=\"caption\">logo skate club<\/div><\/div><\/li>\n                <li style=\"display: none; width: 100%;\" class=\"slide-746 ms-image\"><img src=\"https:\/\/skateclubcalais.fr\/wp-content\/uploads\/2018\/05\/zap-ados-32-1000x1400.jpg\" height=\"1400\" width=\"1000\" alt=\"\" class=\"slider-406 slide-746\" title=\"zap ados (32)\" \/><div class=\"caption-wrap\"><div class=\"caption\">ZAP'ADOS<\/div><\/div><\/li>\n                <li style=\"display: none; width: 100%;\" class=\"slide-747 ms-image\"><img src=\"https:\/\/skateclubcalais.fr\/wp-content\/uploads\/2018\/05\/zap-ados-20-1000x1400.jpg\" height=\"1400\" width=\"1000\" alt=\"\" class=\"slider-406 slide-747\" title=\"zap ados (20)\" \/><div class=\"caption-wrap\"><div class=\"caption\">ZAP'ADOS<\/div><\/div><\/li>\n                <li style=\"display: none; width: 100%;\" class=\"slide-748 ms-image\"><img src=\"https:\/\/skateclubcalais.fr\/wp-content\/uploads\/2018\/05\/zap-ados-25-1000x1400.jpg\" height=\"1400\" width=\"1000\" alt=\"\" class=\"slider-406 slide-748\" title=\"zap ados (25)\" \/><div class=\"caption-wrap\"><div class=\"caption\">ZAP'ADOS<\/div><\/div><\/li>\n                <li style=\"display: none; width: 100%;\" class=\"slide-750 ms-image\"><img src=\"https:\/\/skateclubcalais.fr\/wp-content\/uploads\/2018\/04\/Bang_Zap_Ados_27_1-610x855.jpg\" height=\"1400\" width=\"1000\" alt=\"\" class=\"slider-406 slide-750\" title=\"zap&#039;ados\" \/><div class=\"caption-wrap\"><div class=\"caption\">ZAP'ADOS<\/div><\/div><\/li>\n            <\/ul>\n        <\/div>\n        \n    <\/div>\n<\/div>\n<p>\u00a0<\/p>\n<p>Bonjour \u00e0 tous voici le site officiel du<strong> Skate Club Calais<\/strong>, ici sera d\u00e9pos\u00e9 toutes les informations du club.<\/p>\n<h3 class=\"western\">L\u2019association dite <strong>Skate Club Calais<\/strong>, fond\u00e9e le 01 <strong>D\u00e9cembre 1995<\/strong> a pour but d\u2019encadrer et de promouvoir les pratiques du Skateboard, du Roller Freestyle et du BMX Freestyle dans le calaisis.<\/h3>\n<h3 class=\"western\">Elle <span style=\"color: #ffffff;\"><strong>anime,\u00a0 enseigne et\u00a0 promeut<\/strong><\/span> la pratique du Skateboard, du Roller Freestyle (disciplines de la F.F.R.S.), du BMX Freestyle (discipline de la F.F.C.).<\/h3>\n<h3 class=\"western\">Ainsi depuis pr\u00e8s de 30 ans, le club organise des contests (comp\u00e9titions) \u00e0 Calais.<\/h3>\n<h3 class=\"western\">Depuis l\u2019ouverture en 2012, du Skatepark Zap\u2019Ados quai Lucien Lheureux, le club a d\u00e9j\u00e0 organis\u00e9 3 \u00e9tapes du Championnat de France de Skate (2013, 2014, 2016 et 2019) ainsi que de nombreux autres \u00e9v\u00e9nements locaux comme la BENNETT JAM depuis 11 ans\u00a0 et la CHRISTMAS JAM, des opens r\u00e9gionaux (king of ch&rsquo;nord), un open Europ\u00e9en la CALES CUP\u00a0 renouvel\u00e9 en 2020.<\/h3>\n<h3>Elle dispose aussi d&rsquo;un Skateshop associatif au sein de sa structure depuis 2011.<\/h3>\n<div class=\"entry-content\">\u00a0<\/div>\n<h6>\u00a0<\/h6>\n<p class=\"western\" style=\"padding-left: 30px;\">\u00a0<\/p>","protected":false},"excerpt":{"rendered":"<p>\u00a0 \u00a0 \u00a0 \u00a0 Bonjour \u00e0 tous voici le site officiel du Skate Club Calais, ici sera d\u00e9pos\u00e9 toutes les informations du club. L\u2019association dite Skate Club Calais, fond\u00e9e le 01 D\u00e9cembre 1995 a pour but d\u2019encadrer et de promouvoir les pratiques du Skateboard, du Roller Freestyle et du BMX Freestyle dans le calaisis. Elle &hellip; <\/p>\n<p class=\"link-more\"><a href=\"https:\/\/skateclubcalais.fr\/\" class=\"more-link\">Continuer la lecture<span class=\"screen-reader-text\"> de &laquo;&nbsp;Accueil&nbsp;&raquo;<\/span><\/a><\/p>\n","protected":false},"author":1,"featured_media":0,"parent":0,"menu_order":0,"comment_status":"closed","ping_status":"closed","template":"","meta":[],"_links":{"self":[{"href":"https:\/\/skateclubcalais.fr\/index.php\/wp-json\/wp\/v2\/pages\/121"}],"collection":[{"href":"https:\/\/skateclubcalais.fr\/index.php\/wp-json\/wp\/v2\/pages"}],"about":[{"href":"https:\/\/skateclubcalais.fr\/index.php\/wp-json\/wp\/v2\/types\/page"}],"author":[{"embeddable":true,"href":"https:\/\/skateclubcalais.fr\/index.php\/wp-json\/wp\/v2\/users\/1"}],"replies":[{"embeddable":true,"href":"https:\/\/skateclubcalais.fr\/index.php\/wp-json\/wp\/v2\/comments?post=121"}],"version-history":[{"count":55,"href":"https:\/\/skateclubcalais.fr\/index.php\/wp-json\/wp\/v2\/pages\/121\/revisions"}],"predecessor-version":[{"id":1363,"href":"https:\/\/skateclubcalais.fr\/index.php\/wp-json\/wp\/v2\/pages\/121\/revisions\/1363"}],"wp:attachment":[{"href":"https:\/\/skateclubcalais.fr\/index.php\/wp-json\/wp\/v2\/media?parent=121"}],"curies":[{"name":"wp","href":"https:\/\/api.w.org\/{rel}","templated":true}]}}